{"id":130,"date":"2025-08-05T10:26:40","date_gmt":"2025-08-05T08:26:40","guid":{"rendered":"https:\/\/khubeo.fr\/?page_id=130"},"modified":"2025-08-07T14:00:52","modified_gmt":"2025-08-07T12:00:52","slug":"contact-us","status":"publish","type":"page","link":"https:\/\/khubeo.fr\/en\/contact-us\/","title":{"rendered":"Contact us"},"content":{"rendered":"\t\t<div data-elementor-type=\"wp-page\" data-elementor-id=\"130\" class=\"elementor elementor-130\" data-elementor-post-type=\"page\">\n\t\t\t\t\t\t<section class=\"elementor-section elementor-top-section elementor-element elementor-element-612d0482 elementor-section-height-min-height elementor-section-boxed elementor-section-height-default elementor-section-items-middle\" data-id=\"612d0482\" data-element_type=\"section\" data-e-type=\"section\" data-settings=\"{&quot;background_background&quot;:&quot;classic&quot;}\">\n\t\t\t\t\t\t\t<div class=\"elementor-background-overlay\"><\/div>\n\t\t\t\t\t\t\t<div class=\"elementor-container elementor-column-gap-default\">\n\t\t\t\t\t<div class=\"elementor-column elementor-col-100 elementor-top-column elementor-element elementor-element-8e0bf15\" data-id=\"8e0bf15\" data-element_type=\"column\" data-e-type=\"column\">\n\t\t\t<div class=\"elementor-widget-wrap elementor-element-populated\">\n\t\t\t\t\t\t<div class=\"elementor-element elementor-element-6c87fb29 elementor-invisible elementor-widget elementor-widget-heading\" data-id=\"6c87fb29\" data-element_type=\"widget\" data-e-type=\"widget\" data-settings=\"{&quot;_animation&quot;:&quot;fadeIn&quot;}\" data-widget_type=\"heading.default\">\n\t\t\t\t\t<h1 class=\"elementor-heading-title elementor-size-default\">Contactez-nous<\/h1>\t\t\t\t<\/div>\n\t\t\t\t<div class=\"elementor-element elementor-element-c30f7c7 elementor-button-align-stretch elementor-widget elementor-widget-form\" data-id=\"c30f7c7\" data-element_type=\"widget\" data-e-type=\"widget\" data-settings=\"{&quot;step_next_label&quot;:&quot;Suivant&quot;,&quot;step_previous_label&quot;:&quot;Pr\\u00e9c\\u00e9dent&quot;,&quot;step_type&quot;:&quot;none&quot;,&quot;step_icon_shape&quot;:&quot;none&quot;,&quot;button_width&quot;:&quot;100&quot;}\" data-widget_type=\"form.default\">\n\t\t\t\t\t\t\t<form class=\"elementor-form\" method=\"post\" name=\"Contactez-nous\" aria-label=\"Contactez-nous\">\n\t\t\t<input type=\"hidden\" name=\"post_id\" value=\"130\"\/>\n\t\t\t<input type=\"hidden\" name=\"form_id\" value=\"c30f7c7\"\/>\n\t\t\t<input type=\"hidden\" name=\"referer_title\" value=\"Contactez-nous - Logiciel de business intelligence (BI) Khubeo : logiciel informatique d\u00e9cisionnelle h\u00f4teli\u00e8re\" \/>\n\n\t\t\t\t\t\t\t<input type=\"hidden\" name=\"queried_id\" value=\"130\"\/>\n\t\t\t\n\t\t\t<div class=\"elementor-form-fields-wrapper elementor-labels-above\">\n\t\t\t\t\t\t\t\t<div class=\"elementor-field-type-text elementor-field-group elementor-column elementor-field-group-name elementor-col-100 elementor-field-required elementor-mark-required\">\n\t\t\t\t\t\t\t\t\t\t\t\t\t<input size=\"1\" type=\"text\" name=\"form_fields[name]\" id=\"form-field-name\" class=\"elementor-field elementor-size-sm  elementor-field-textual\" placeholder=\"Nom et pr\u00e9nom\" required=\"required\">\n\t\t\t\t\t\t\t\t\t\t\t<\/div>\n\t\t\t\t\t\t\t\t<div class=\"elementor-field-type-text elementor-field-group elementor-column elementor-field-group-societe elementor-col-100 elementor-field-required elementor-mark-required\">\n\t\t\t\t\t\t\t\t\t\t\t\t\t<input size=\"1\" type=\"text\" name=\"form_fields[societe]\" id=\"form-field-societe\" class=\"elementor-field elementor-size-sm  elementor-field-textual\" placeholder=\"Soci\u00e9t\u00e9\" required=\"required\">\n\t\t\t\t\t\t\t\t\t\t\t<\/div>\n\t\t\t\t\t\t\t\t<div class=\"elementor-field-type-email elementor-field-group elementor-column elementor-field-group-email elementor-col-100 elementor-field-required elementor-mark-required\">\n\t\t\t\t\t\t\t\t\t\t\t\t\t<input size=\"1\" type=\"email\" name=\"form_fields[email]\" id=\"form-field-email\" class=\"elementor-field elementor-size-sm  elementor-field-textual\" placeholder=\"E-mail\" required=\"required\">\n\t\t\t\t\t\t\t\t\t\t\t<\/div>\n\t\t\t\t\t\t\t\t<div class=\"elementor-field-type-textarea elementor-field-group elementor-column elementor-field-group-message elementor-col-100 elementor-field-required elementor-mark-required\">\n\t\t\t\t\t<textarea class=\"elementor-field-textual elementor-field  elementor-size-sm\" name=\"form_fields[message]\" id=\"form-field-message\" rows=\"9\" placeholder=\"Tapez ici votre message\" required=\"required\"><\/textarea>\t\t\t\t<\/div>\n\t\t\t\t\t\t\t\t<div class=\"elementor-field-group elementor-column elementor-field-type-submit elementor-col-100 e-form__buttons\">\n\t\t\t\t\t<button class=\"elementor-button elementor-size-sm\" type=\"submit\" id=\"ENVOYER\">\n\t\t\t\t\t\t<span class=\"elementor-button-content-wrapper\">\n\t\t\t\t\t\t\t\t\t\t\t\t\t\t\t\t\t\t\t\t\t\t<span class=\"elementor-button-text\">ENVOYER<\/span>\n\t\t\t\t\t\t\t\t\t\t\t\t\t<\/span>\n\t\t\t\t\t<\/button>\n\t\t\t\t<\/div>\n\t\t\t<\/div>\n\t\t<\/form>\n\t\t\t\t\t\t<\/div>\n\t\t\t\t\t<\/div>\n\t\t<\/div>\n\t\t\t\t\t<\/div>\n\t\t<\/section>\n\t\t\t\t<\/div>\n\t\t","protected":false},"excerpt":{"rendered":"<p>Contact us<\/p>","protected":false},"author":259820788,"featured_media":0,"parent":0,"menu_order":0,"comment_status":"closed","ping_status":"closed","template":"","meta":{"footnotes":""},"class_list":["post-130","page","type-page","status-publish","hentry"],"yoast_head":"<!-- This site is optimized with the Yoast SEO plugin v27.6 - https:\/\/yoast.com\/product\/yoast-seo-wordpress\/ -->\n<title>Contactez-nous - Logiciel de business intelligence (BI) Khubeo : logiciel informatique d\u00e9cisionnelle h\u00f4teli\u00e8re<\/title>\n<meta name=\"robots\" content=\"index, follow, max-snippet:-1, max-image-preview:large, max-video-preview:-1\" \/>\n<link rel=\"canonical\" href=\"https:\/\/khubeo.fr\/en\/contact-us\/\" \/>\n<meta property=\"og:locale\" content=\"en_GB\" \/>\n<meta property=\"og:type\" content=\"article\" \/>\n<meta property=\"og:title\" content=\"Contactez-nous - Logiciel de business intelligence (BI) Khubeo : logiciel informatique d\u00e9cisionnelle h\u00f4teli\u00e8re\" \/>\n<meta property=\"og:description\" content=\"Contactez-nous\" \/>\n<meta property=\"og:url\" content=\"https:\/\/khubeo.fr\/en\/contact-us\/\" \/>\n<meta property=\"og:site_name\" content=\"Logiciel de business intelligence (BI) Khubeo : logiciel informatique d\u00e9cisionnelle h\u00f4teli\u00e8re\" \/>\n<meta property=\"article:modified_time\" content=\"2025-08-07T12:00:52+00:00\" \/>\n<meta name=\"twitter:card\" content=\"summary_large_image\" \/>\n<meta name=\"twitter:label1\" content=\"Estimated reading time\" \/>\n\t<meta name=\"twitter:data1\" content=\"1 minute\" \/>\n<script type=\"application\/ld+json\" class=\"yoast-schema-graph\">{\"@context\":\"https:\\\/\\\/schema.org\",\"@graph\":[{\"@type\":\"WebPage\",\"@id\":\"https:\\\/\\\/khubeo.fr\\\/contactez-nous\\\/\",\"url\":\"https:\\\/\\\/khubeo.fr\\\/contactez-nous\\\/\",\"name\":\"Contactez-nous - Logiciel de business intelligence (BI) Khubeo : logiciel informatique d\u00e9cisionnelle h\u00f4teli\u00e8re\",\"isPartOf\":{\"@id\":\"https:\\\/\\\/khubeo.fr\\\/#website\"},\"datePublished\":\"2025-08-05T08:26:40+00:00\",\"dateModified\":\"2025-08-07T12:00:52+00:00\",\"breadcrumb\":{\"@id\":\"https:\\\/\\\/khubeo.fr\\\/contactez-nous\\\/#breadcrumb\"},\"inLanguage\":\"en-GB\",\"potentialAction\":[{\"@type\":\"ReadAction\",\"target\":[\"https:\\\/\\\/khubeo.fr\\\/contactez-nous\\\/\"]}]},{\"@type\":\"BreadcrumbList\",\"@id\":\"https:\\\/\\\/khubeo.fr\\\/contactez-nous\\\/#breadcrumb\",\"itemListElement\":[{\"@type\":\"ListItem\",\"position\":1,\"name\":\"Accueil\",\"item\":\"https:\\\/\\\/khubeo.fr\\\/\"},{\"@type\":\"ListItem\",\"position\":2,\"name\":\"Contactez-nous\"}]},{\"@type\":\"WebSite\",\"@id\":\"https:\\\/\\\/khubeo.fr\\\/#website\",\"url\":\"https:\\\/\\\/khubeo.fr\\\/\",\"name\":\"Logiciel de business intelligence (BI) Khubeo : logiciel informatique d\u00e9cisionnelle h\u00f4teli\u00e8re\",\"description\":\"KHUBEO est un logiciel de business intelligence. Cette solution permet de r\u00e9colter, organiser, analyser les donn\u00e9es de vos clients sous forme d\u2019indicateurs, afin de constituer des tableaux de bord, benchmark ou comptes d\u2019exploitation.\",\"publisher\":{\"@id\":\"https:\\\/\\\/khubeo.fr\\\/#organization\"},\"potentialAction\":[{\"@type\":\"SearchAction\",\"target\":{\"@type\":\"EntryPoint\",\"urlTemplate\":\"https:\\\/\\\/khubeo.fr\\\/?s={search_term_string}\"},\"query-input\":{\"@type\":\"PropertyValueSpecification\",\"valueRequired\":true,\"valueName\":\"search_term_string\"}}],\"inLanguage\":\"en-GB\"},{\"@type\":\"Organization\",\"@id\":\"https:\\\/\\\/khubeo.fr\\\/#organization\",\"name\":\"Logiciel de business intelligence (BI) Khubeo : logiciel informatique d\u00e9cisionnelle h\u00f4teli\u00e8re\",\"url\":\"https:\\\/\\\/khubeo.fr\\\/\",\"logo\":{\"@type\":\"ImageObject\",\"inLanguage\":\"en-GB\",\"@id\":\"https:\\\/\\\/khubeo.fr\\\/#\\\/schema\\\/logo\\\/image\\\/\",\"url\":\"https:\\\/\\\/khubeo.fr\\\/wp-content\\\/uploads\\\/2025\\\/08\\\/cropped-Business-intelligence.png\",\"contentUrl\":\"https:\\\/\\\/khubeo.fr\\\/wp-content\\\/uploads\\\/2025\\\/08\\\/cropped-Business-intelligence.png\",\"width\":605,\"height\":299,\"caption\":\"Logiciel de business intelligence (BI) Khubeo : logiciel informatique d\u00e9cisionnelle h\u00f4teli\u00e8re\"},\"image\":{\"@id\":\"https:\\\/\\\/khubeo.fr\\\/#\\\/schema\\\/logo\\\/image\\\/\"}}]}<\/script>\n<!-- \/ Yoast SEO plugin. -->","yoast_head_json":{"title":"Contactez-nous - Logiciel de business intelligence (BI) Khubeo : logiciel informatique d\u00e9cisionnelle h\u00f4teli\u00e8re","robots":{"index":"index","follow":"follow","max-snippet":"max-snippet:-1","max-image-preview":"max-image-preview:large","max-video-preview":"max-video-preview:-1"},"canonical":"https:\/\/khubeo.fr\/en\/contact-us\/","og_locale":"en_GB","og_type":"article","og_title":"Contactez-nous - Logiciel de business intelligence (BI) Khubeo : logiciel informatique d\u00e9cisionnelle h\u00f4teli\u00e8re","og_description":"Contactez-nous","og_url":"https:\/\/khubeo.fr\/en\/contact-us\/","og_site_name":"Logiciel de business intelligence (BI) Khubeo : logiciel informatique d\u00e9cisionnelle h\u00f4teli\u00e8re","article_modified_time":"2025-08-07T12:00:52+00:00","twitter_card":"summary_large_image","twitter_misc":{"Estimated reading time":"1 minute"},"schema":{"@context":"https:\/\/schema.org","@graph":[{"@type":"WebPage","@id":"https:\/\/khubeo.fr\/contactez-nous\/","url":"https:\/\/khubeo.fr\/contactez-nous\/","name":"Contactez-nous - Logiciel de business intelligence (BI) Khubeo : logiciel informatique d\u00e9cisionnelle h\u00f4teli\u00e8re","isPartOf":{"@id":"https:\/\/khubeo.fr\/#website"},"datePublished":"2025-08-05T08:26:40+00:00","dateModified":"2025-08-07T12:00:52+00:00","breadcrumb":{"@id":"https:\/\/khubeo.fr\/contactez-nous\/#breadcrumb"},"inLanguage":"en-GB","potentialAction":[{"@type":"ReadAction","target":["https:\/\/khubeo.fr\/contactez-nous\/"]}]},{"@type":"BreadcrumbList","@id":"https:\/\/khubeo.fr\/contactez-nous\/#breadcrumb","itemListElement":[{"@type":"ListItem","position":1,"name":"Accueil","item":"https:\/\/khubeo.fr\/"},{"@type":"ListItem","position":2,"name":"Contactez-nous"}]},{"@type":"WebSite","@id":"https:\/\/khubeo.fr\/#website","url":"https:\/\/khubeo.fr\/","name":"Logiciel de business intelligence (BI) Khubeo : logiciel informatique d\u00e9cisionnelle h\u00f4teli\u00e8re","description":"KHUBEO est un logiciel de business intelligence. Cette solution permet de r\u00e9colter, organiser, analyser les donn\u00e9es de vos clients sous forme d\u2019indicateurs, afin de constituer des tableaux de bord, benchmark ou comptes d\u2019exploitation.","publisher":{"@id":"https:\/\/khubeo.fr\/#organization"},"potentialAction":[{"@type":"SearchAction","target":{"@type":"EntryPoint","urlTemplate":"https:\/\/khubeo.fr\/?s={search_term_string}"},"query-input":{"@type":"PropertyValueSpecification","valueRequired":true,"valueName":"search_term_string"}}],"inLanguage":"en-GB"},{"@type":"Organization","@id":"https:\/\/khubeo.fr\/#organization","name":"Logiciel de business intelligence (BI) Khubeo : logiciel informatique d\u00e9cisionnelle h\u00f4teli\u00e8re","url":"https:\/\/khubeo.fr\/","logo":{"@type":"ImageObject","inLanguage":"en-GB","@id":"https:\/\/khubeo.fr\/#\/schema\/logo\/image\/","url":"https:\/\/khubeo.fr\/wp-content\/uploads\/2025\/08\/cropped-Business-intelligence.png","contentUrl":"https:\/\/khubeo.fr\/wp-content\/uploads\/2025\/08\/cropped-Business-intelligence.png","width":605,"height":299,"caption":"Logiciel de business intelligence (BI) Khubeo : logiciel informatique d\u00e9cisionnelle h\u00f4teli\u00e8re"},"image":{"@id":"https:\/\/khubeo.fr\/#\/schema\/logo\/image\/"}}]}},"jetpack_shortlink":"https:\/\/wp.me\/PgI4ej-26","_links":{"self":[{"href":"https:\/\/khubeo.fr\/en\/wp-json\/wp\/v2\/pages\/130","targetHints":{"allow":["GET"]}}],"collection":[{"href":"https:\/\/khubeo.fr\/en\/wp-json\/wp\/v2\/pages"}],"about":[{"href":"https:\/\/khubeo.fr\/en\/wp-json\/wp\/v2\/types\/page"}],"author":[{"embeddable":true,"href":"https:\/\/khubeo.fr\/en\/wp-json\/wp\/v2\/users\/259820788"}],"replies":[{"embeddable":true,"href":"https:\/\/khubeo.fr\/en\/wp-json\/wp\/v2\/comments?post=130"}],"version-history":[{"count":68,"href":"https:\/\/khubeo.fr\/en\/wp-json\/wp\/v2\/pages\/130\/revisions"}],"predecessor-version":[{"id":453,"href":"https:\/\/khubeo.fr\/en\/wp-json\/wp\/v2\/pages\/130\/revisions\/453"}],"wp:attachment":[{"href":"https:\/\/khubeo.fr\/en\/wp-json\/wp\/v2\/media?parent=130"}],"curies":[{"name":"wp","href":"https:\/\/api.w.org\/{rel}","templated":true}]}}