{"id":214,"date":"2025-08-05T10:55:40","date_gmt":"2025-08-05T08:55:40","guid":{"rendered":"https:\/\/khubeo.fr\/?page_id=214"},"modified":"2025-08-07T13:23:40","modified_gmt":"2025-08-07T11:23:40","slug":"khubeo-modules","status":"publish","type":"page","link":"https:\/\/khubeo.fr\/en\/khubeo-modules\/","title":{"rendered":"Les Modules Khubeo"},"content":{"rendered":"<div data-elementor-type=\"wp-page\" data-elementor-id=\"214\" class=\"elementor elementor-214\" data-elementor-post-type=\"page\">\n\t\t\t\t\t\t<section class=\"elementor-section elementor-top-section elementor-element elementor-element-2e10ab69 elementor-section-full_width elementor-section-height-default elementor-section-height-default\" data-id=\"2e10ab69\" data-element_type=\"section\" data-e-type=\"section\" data-settings=\"{&quot;background_background&quot;:&quot;gradient&quot;}\">\n\t\t\t\t\t\t\t<div class=\"elementor-background-overlay\"><\/div>\n\t\t\t\t\t\t\t<div class=\"elementor-container elementor-column-gap-default\">\n\t\t\t\t\t<div class=\"elementor-column elementor-col-100 elementor-top-column elementor-element elementor-element-21b7d06\" data-id=\"21b7d06\" data-element_type=\"column\" data-e-type=\"column\">\n\t\t\t<div class=\"elementor-widget-wrap elementor-element-populated\">\n\t\t\t\t\t\t<div class=\"elementor-element elementor-element-66340b2b animated-slow elementor-invisible elementor-widget elementor-widget-heading\" data-id=\"66340b2b\" data-element_type=\"widget\" data-e-type=\"widget\" data-settings=\"{&quot;_animation&quot;:&quot;fadeIn&quot;}\" data-widget_type=\"heading.default\">\n\t\t\t\t\t<h1 class=\"elementor-heading-title elementor-size-default translation-block\"><span class=\"title-highlight\">Khubeo<\/span> modules<\/h1>\t\t\t\t<\/div>\n\t\t\t\t<section class=\"elementor-section elementor-inner-section elementor-element elementor-element-60d9b7f6 elementor-section-full_width elementor-section-height-default elementor-section-height-default\" data-id=\"60d9b7f6\" data-element_type=\"section\" data-e-type=\"section\">\n\t\t\t\t\t\t<div class=\"elementor-container elementor-column-gap-default\">\n\t\t\t\t\t<div class=\"elementor-column elementor-col-33 elementor-inner-column elementor-element elementor-element-6598cf0a elementor-invisible\" data-id=\"6598cf0a\" data-element_type=\"column\" data-e-type=\"column\" data-settings=\"{&quot;animation&quot;:&quot;fadeInUp&quot;}\">\n\t\t\t<div class=\"elementor-widget-wrap elementor-element-populated\">\n\t\t\t\t\t\t<div class=\"elementor-element elementor-element-6855c85e elementor-widget elementor-widget-image\" data-id=\"6855c85e\" data-element_type=\"widget\" data-e-type=\"widget\" data-widget_type=\"image.default\">\n\t\t\t\t\t\t\t\t\t\t\t\t\t\t\t\t<a href=\"https:\/\/khubeo.fr\/en\/khubeo-sca\/\">\n\t\t\t\t\t\t\t<img fetchpriority=\"high\" decoding=\"async\" width=\"800\" height=\"370\" src=\"https:\/\/khubeo.fr\/wp-content\/uploads\/2025\/08\/interfaces_khubeo_sca-1024x474.png\" class=\"elementor-animation-grow attachment-large size-large wp-image-147\" alt=\"\" srcset=\"https:\/\/khubeo.fr\/wp-content\/uploads\/2025\/08\/interfaces_khubeo_sca-1024x474.png 1024w, https:\/\/khubeo.fr\/wp-content\/uploads\/2025\/08\/interfaces_khubeo_sca-300x139.png 300w, https:\/\/khubeo.fr\/wp-content\/uploads\/2025\/08\/interfaces_khubeo_sca-768x355.png 768w, https:\/\/khubeo.fr\/wp-content\/uploads\/2025\/08\/interfaces_khubeo_sca.png 1280w\" sizes=\"(max-width: 800px) 100vw, 800px\" \/>\t\t\t\t\t\t\t\t<\/a>\n\t\t\t\t\t\t\t\t\t\t\t\t\t\t\t<\/div>\n\t\t\t\t<div class=\"elementor-element elementor-element-42a04ba9 elementor-widget elementor-widget-image\" data-id=\"42a04ba9\" data-element_type=\"widget\" data-e-type=\"widget\" data-widget_type=\"image.default\">\n\t\t\t\t\t\t\t\t\t\t\t\t\t\t\t\t<a href=\"https:\/\/khubeo.fr\/en\/khubeo-sca\/\">\n\t\t\t\t\t\t\t<img decoding=\"async\" width=\"800\" height=\"367\" src=\"https:\/\/khubeo.fr\/wp-content\/uploads\/2025\/08\/logo-Khubeo-SCA.png\" class=\"attachment-large size-large wp-image-26\" alt=\"\" srcset=\"https:\/\/khubeo.fr\/wp-content\/uploads\/2025\/08\/logo-Khubeo-SCA.png 800w, https:\/\/khubeo.fr\/wp-content\/uploads\/2025\/08\/logo-Khubeo-SCA-300x138.png 300w, https:\/\/khubeo.fr\/wp-content\/uploads\/2025\/08\/logo-Khubeo-SCA-768x352.png 768w\" sizes=\"(max-width: 800px) 100vw, 800px\" \/>\t\t\t\t\t\t\t\t<\/a>\n\t\t\t\t\t\t\t\t\t\t\t\t\t\t\t<\/div>\n\t\t\t\t<div class=\"elementor-element elementor-element-4f7547a3 elementor-align-center elementor-widget elementor-widget-button\" data-id=\"4f7547a3\" data-element_type=\"widget\" data-e-type=\"widget\" data-widget_type=\"button.default\">\n\t\t\t\t\t\t\t\t\t\t<a class=\"elementor-button elementor-button-link elementor-size-sm\" href=\"https:\/\/khubeo.fr\/en\/khubeo-sca\/\">\n\t\t\t\t\t\t<span class=\"elementor-button-content-wrapper\">\n\t\t\t\t\t\t\t\t\t<span class=\"elementor-button-text\">DISCOVER<\/span>\n\t\t\t\t\t<\/span>\n\t\t\t\t\t<\/a>\n\t\t\t\t\t\t\t\t<\/div>\n\t\t\t\t\t<\/div>\n\t\t<\/div>\n\t\t\t\t<div class=\"elementor-column elementor-col-33 elementor-inner-column elementor-element elementor-element-503fcee8 elementor-invisible\" data-id=\"503fcee8\" data-element_type=\"column\" data-e-type=\"column\" data-settings=\"{&quot;animation&quot;:&quot;fadeInUp&quot;,&quot;animation_delay&quot;:250}\">\n\t\t\t<div class=\"elementor-widget-wrap elementor-element-populated\">\n\t\t\t\t\t\t<div class=\"elementor-element elementor-element-609f5f29 elementor-widget elementor-widget-image\" data-id=\"609f5f29\" data-element_type=\"widget\" data-e-type=\"widget\" data-widget_type=\"image.default\">\n\t\t\t\t\t\t\t\t\t\t\t\t\t\t\t\t<a href=\"https:\/\/khubeo.fr\/en\/khubeo-budget\/\">\n\t\t\t\t\t\t\t<img decoding=\"async\" width=\"800\" height=\"370\" src=\"https:\/\/khubeo.fr\/wp-content\/uploads\/2025\/08\/interfaces_khubeo_budget-1024x474.png\" class=\"elementor-animation-grow attachment-large size-large wp-image-72\" alt=\"\" srcset=\"https:\/\/khubeo.fr\/wp-content\/uploads\/2025\/08\/interfaces_khubeo_budget-1024x474.png 1024w, https:\/\/khubeo.fr\/wp-content\/uploads\/2025\/08\/interfaces_khubeo_budget-300x139.png 300w, https:\/\/khubeo.fr\/wp-content\/uploads\/2025\/08\/interfaces_khubeo_budget-768x355.png 768w, https:\/\/khubeo.fr\/wp-content\/uploads\/2025\/08\/interfaces_khubeo_budget.png 1280w\" sizes=\"(max-width: 800px) 100vw, 800px\" \/>\t\t\t\t\t\t\t\t<\/a>\n\t\t\t\t\t\t\t\t\t\t\t\t\t\t\t<\/div>\n\t\t\t\t<div class=\"elementor-element elementor-element-295d656a elementor-widget elementor-widget-image\" data-id=\"295d656a\" data-element_type=\"widget\" data-e-type=\"widget\" data-widget_type=\"image.default\">\n\t\t\t\t\t\t\t\t\t\t\t\t\t\t\t\t<a href=\"https:\/\/khubeo.fr\/en\/khubeo-budget\/\">\n\t\t\t\t\t\t\t<img loading=\"lazy\" decoding=\"async\" width=\"800\" height=\"230\" src=\"https:\/\/khubeo.fr\/wp-content\/uploads\/2025\/08\/logo-Khubeo-BUDGET.png\" class=\"attachment-large size-large wp-image-28\" alt=\"\" srcset=\"https:\/\/khubeo.fr\/wp-content\/uploads\/2025\/08\/logo-Khubeo-BUDGET.png 800w, https:\/\/khubeo.fr\/wp-content\/uploads\/2025\/08\/logo-Khubeo-BUDGET-300x86.png 300w, https:\/\/khubeo.fr\/wp-content\/uploads\/2025\/08\/logo-Khubeo-BUDGET-768x221.png 768w\" sizes=\"(max-width: 800px) 100vw, 800px\" \/>\t\t\t\t\t\t\t\t<\/a>\n\t\t\t\t\t\t\t\t\t\t\t\t\t\t\t<\/div>\n\t\t\t\t<div class=\"elementor-element elementor-element-52e0d261 elementor-align-center elementor-widget elementor-widget-button\" data-id=\"52e0d261\" data-element_type=\"widget\" data-e-type=\"widget\" data-widget_type=\"button.default\">\n\t\t\t\t\t\t\t\t\t\t<a class=\"elementor-button elementor-button-link elementor-size-sm\" href=\"https:\/\/khubeo.fr\/en\/khubeo-budget\/\">\n\t\t\t\t\t\t<span class=\"elementor-button-content-wrapper\">\n\t\t\t\t\t\t\t\t\t<span class=\"elementor-button-text\">DISCOVER<\/span>\n\t\t\t\t\t<\/span>\n\t\t\t\t\t<\/a>\n\t\t\t\t\t\t\t\t<\/div>\n\t\t\t\t\t<\/div>\n\t\t<\/div>\n\t\t\t\t<div class=\"elementor-column elementor-col-33 elementor-inner-column elementor-element elementor-element-7b4975b6 elementor-invisible\" data-id=\"7b4975b6\" data-element_type=\"column\" data-e-type=\"column\" data-settings=\"{&quot;animation&quot;:&quot;fadeInUp&quot;,&quot;animation_delay&quot;:500}\">\n\t\t\t<div class=\"elementor-widget-wrap elementor-element-populated\">\n\t\t\t\t\t\t<div class=\"elementor-element elementor-element-5dfa69c3 elementor-widget elementor-widget-image\" data-id=\"5dfa69c3\" data-element_type=\"widget\" data-e-type=\"widget\" data-widget_type=\"image.default\">\n\t\t\t\t\t\t\t\t\t\t\t\t\t\t\t\t<a href=\"https:\/\/khubeo.fr\/en\/khubeo-tab\/\">\n\t\t\t\t\t\t\t<img loading=\"lazy\" decoding=\"async\" width=\"800\" height=\"370\" src=\"https:\/\/khubeo.fr\/wp-content\/uploads\/2025\/08\/interfaces_khubeo_tab-1024x474.png\" class=\"elementor-animation-grow attachment-large size-large wp-image-165\" alt=\"\" srcset=\"https:\/\/khubeo.fr\/wp-content\/uploads\/2025\/08\/interfaces_khubeo_tab-1024x474.png 1024w, https:\/\/khubeo.fr\/wp-content\/uploads\/2025\/08\/interfaces_khubeo_tab-300x139.png 300w, https:\/\/khubeo.fr\/wp-content\/uploads\/2025\/08\/interfaces_khubeo_tab-768x355.png 768w, https:\/\/khubeo.fr\/wp-content\/uploads\/2025\/08\/interfaces_khubeo_tab.png 1280w\" sizes=\"(max-width: 800px) 100vw, 800px\" \/>\t\t\t\t\t\t\t\t<\/a>\n\t\t\t\t\t\t\t\t\t\t\t\t\t\t\t<\/div>\n\t\t\t\t<div class=\"elementor-element elementor-element-5c924f94 elementor-widget elementor-widget-image\" data-id=\"5c924f94\" data-element_type=\"widget\" data-e-type=\"widget\" data-widget_type=\"image.default\">\n\t\t\t\t\t\t\t\t\t\t\t\t\t\t\t\t<a href=\"https:\/\/khubeo.fr\/en\/khubeo-tab\/\">\n\t\t\t\t\t\t\t<img loading=\"lazy\" decoding=\"async\" width=\"800\" height=\"378\" src=\"https:\/\/khubeo.fr\/wp-content\/uploads\/2025\/08\/logo-Khubeo-TAB.png\" class=\"attachment-large size-large wp-image-30\" alt=\"\" srcset=\"https:\/\/khubeo.fr\/wp-content\/uploads\/2025\/08\/logo-Khubeo-TAB.png 800w, https:\/\/khubeo.fr\/wp-content\/uploads\/2025\/08\/logo-Khubeo-TAB-300x142.png 300w, https:\/\/khubeo.fr\/wp-content\/uploads\/2025\/08\/logo-Khubeo-TAB-768x363.png 768w\" sizes=\"(max-width: 800px) 100vw, 800px\" \/>\t\t\t\t\t\t\t\t<\/a>\n\t\t\t\t\t\t\t\t\t\t\t\t\t\t\t<\/div>\n\t\t\t\t<div class=\"elementor-element elementor-element-37c1bea2 elementor-align-center elementor-widget elementor-widget-button\" data-id=\"37c1bea2\" data-element_type=\"widget\" data-e-type=\"widget\" data-widget_type=\"button.default\">\n\t\t\t\t\t\t\t\t\t\t<a class=\"elementor-button elementor-button-link elementor-size-sm\" href=\"https:\/\/khubeo.fr\/en\/khubeo-tab\/\">\n\t\t\t\t\t\t<span class=\"elementor-button-content-wrapper\">\n\t\t\t\t\t\t\t\t\t<span class=\"elementor-button-text\">DISCOVER<\/span>\n\t\t\t\t\t<\/span>\n\t\t\t\t\t<\/a>\n\t\t\t\t\t\t\t\t<\/div>\n\t\t\t\t\t<\/div>\n\t\t<\/div>\n\t\t\t\t\t<\/div>\n\t\t<\/section>\n\t\t\t\t\t<\/div>\n\t\t<\/div>\n\t\t\t\t\t<\/div>\n\t\t<\/section>\n\t\t\t\t<\/div>","protected":false},"excerpt":{"rendered":"<p>Les modules Khubeo D\u00e9couvrir D\u00e9couvrir D\u00e9couvrir<\/p>","protected":false},"author":259820788,"featured_media":0,"parent":0,"menu_order":0,"comment_status":"closed","ping_status":"closed","template":"","meta":{"footnotes":""},"class_list":["post-214","page","type-page","status-publish","hentry"],"yoast_head":"<!-- This site is optimized with the Yoast SEO plugin v27.6 - https:\/\/yoast.com\/product\/yoast-seo-wordpress\/ -->\n<title>Les Modules Khubeo - Logiciel de business intelligence (BI) Khubeo : logiciel informatique d\u00e9cisionnelle h\u00f4teli\u00e8re<\/title>\n<meta name=\"robots\" content=\"index, follow, max-snippet:-1, max-image-preview:large, max-video-preview:-1\" \/>\n<link rel=\"canonical\" href=\"https:\/\/khubeo.fr\/en\/khubeo-modules\/\" \/>\n<meta property=\"og:locale\" content=\"en_GB\" \/>\n<meta property=\"og:type\" content=\"article\" \/>\n<meta property=\"og:title\" content=\"Les Modules Khubeo - Logiciel de business intelligence (BI) Khubeo : logiciel informatique d\u00e9cisionnelle h\u00f4teli\u00e8re\" \/>\n<meta property=\"og:description\" content=\"Les modules Khubeo D\u00e9couvrir D\u00e9couvrir D\u00e9couvrir\" \/>\n<meta property=\"og:url\" content=\"https:\/\/khubeo.fr\/en\/khubeo-modules\/\" \/>\n<meta property=\"og:site_name\" content=\"Logiciel de business intelligence (BI) Khubeo : logiciel informatique d\u00e9cisionnelle h\u00f4teli\u00e8re\" \/>\n<meta property=\"article:modified_time\" content=\"2025-08-07T11:23:40+00:00\" \/>\n<meta property=\"og:image\" content=\"https:\/\/khubeo.fr\/wp-content\/uploads\/2025\/08\/interfaces_khubeo_sca-1024x474.png\" \/>\n<meta name=\"twitter:card\" content=\"summary_large_image\" \/>\n<meta name=\"twitter:label1\" content=\"Estimated reading time\" \/>\n\t<meta name=\"twitter:data1\" content=\"2 minutes\" \/>\n<script type=\"application\/ld+json\" class=\"yoast-schema-graph\">{\"@context\":\"https:\\\/\\\/schema.org\",\"@graph\":[{\"@type\":\"WebPage\",\"@id\":\"https:\\\/\\\/khubeo.fr\\\/les-modules-khubeo\\\/\",\"url\":\"https:\\\/\\\/khubeo.fr\\\/les-modules-khubeo\\\/\",\"name\":\"Les Modules Khubeo - Logiciel de business intelligence (BI) Khubeo : logiciel informatique d\u00e9cisionnelle h\u00f4teli\u00e8re\",\"isPartOf\":{\"@id\":\"https:\\\/\\\/khubeo.fr\\\/#website\"},\"primaryImageOfPage\":{\"@id\":\"https:\\\/\\\/khubeo.fr\\\/les-modules-khubeo\\\/#primaryimage\"},\"image\":{\"@id\":\"https:\\\/\\\/khubeo.fr\\\/les-modules-khubeo\\\/#primaryimage\"},\"thumbnailUrl\":\"https:\\\/\\\/khubeo.fr\\\/wp-content\\\/uploads\\\/2025\\\/08\\\/interfaces_khubeo_sca-1024x474.png\",\"datePublished\":\"2025-08-05T08:55:40+00:00\",\"dateModified\":\"2025-08-07T11:23:40+00:00\",\"breadcrumb\":{\"@id\":\"https:\\\/\\\/khubeo.fr\\\/les-modules-khubeo\\\/#breadcrumb\"},\"inLanguage\":\"en-GB\",\"potentialAction\":[{\"@type\":\"ReadAction\",\"target\":[\"https:\\\/\\\/khubeo.fr\\\/les-modules-khubeo\\\/\"]}]},{\"@type\":\"ImageObject\",\"inLanguage\":\"en-GB\",\"@id\":\"https:\\\/\\\/khubeo.fr\\\/les-modules-khubeo\\\/#primaryimage\",\"url\":\"https:\\\/\\\/khubeo.fr\\\/wp-content\\\/uploads\\\/2025\\\/08\\\/interfaces_khubeo_sca-1024x474.png\",\"contentUrl\":\"https:\\\/\\\/khubeo.fr\\\/wp-content\\\/uploads\\\/2025\\\/08\\\/interfaces_khubeo_sca-1024x474.png\"},{\"@type\":\"BreadcrumbList\",\"@id\":\"https:\\\/\\\/khubeo.fr\\\/les-modules-khubeo\\\/#breadcrumb\",\"itemListElement\":[{\"@type\":\"ListItem\",\"position\":1,\"name\":\"Accueil\",\"item\":\"https:\\\/\\\/khubeo.fr\\\/\"},{\"@type\":\"ListItem\",\"position\":2,\"name\":\"Les Modules Khubeo\"}]},{\"@type\":\"WebSite\",\"@id\":\"https:\\\/\\\/khubeo.fr\\\/#website\",\"url\":\"https:\\\/\\\/khubeo.fr\\\/\",\"name\":\"Logiciel de business intelligence (BI) Khubeo : logiciel informatique d\u00e9cisionnelle h\u00f4teli\u00e8re\",\"description\":\"KHUBEO est un logiciel de business intelligence. Cette solution permet de r\u00e9colter, organiser, analyser les donn\u00e9es de vos clients sous forme d\u2019indicateurs, afin de constituer des tableaux de bord, benchmark ou comptes d\u2019exploitation.\",\"publisher\":{\"@id\":\"https:\\\/\\\/khubeo.fr\\\/#organization\"},\"potentialAction\":[{\"@type\":\"SearchAction\",\"target\":{\"@type\":\"EntryPoint\",\"urlTemplate\":\"https:\\\/\\\/khubeo.fr\\\/?s={search_term_string}\"},\"query-input\":{\"@type\":\"PropertyValueSpecification\",\"valueRequired\":true,\"valueName\":\"search_term_string\"}}],\"inLanguage\":\"en-GB\"},{\"@type\":\"Organization\",\"@id\":\"https:\\\/\\\/khubeo.fr\\\/#organization\",\"name\":\"Logiciel de business intelligence (BI) Khubeo : logiciel informatique d\u00e9cisionnelle h\u00f4teli\u00e8re\",\"url\":\"https:\\\/\\\/khubeo.fr\\\/\",\"logo\":{\"@type\":\"ImageObject\",\"inLanguage\":\"en-GB\",\"@id\":\"https:\\\/\\\/khubeo.fr\\\/#\\\/schema\\\/logo\\\/image\\\/\",\"url\":\"https:\\\/\\\/khubeo.fr\\\/wp-content\\\/uploads\\\/2025\\\/08\\\/cropped-Business-intelligence.png\",\"contentUrl\":\"https:\\\/\\\/khubeo.fr\\\/wp-content\\\/uploads\\\/2025\\\/08\\\/cropped-Business-intelligence.png\",\"width\":605,\"height\":299,\"caption\":\"Logiciel de business intelligence (BI) Khubeo : logiciel informatique d\u00e9cisionnelle h\u00f4teli\u00e8re\"},\"image\":{\"@id\":\"https:\\\/\\\/khubeo.fr\\\/#\\\/schema\\\/logo\\\/image\\\/\"}}]}<\/script>\n<!-- \/ Yoast SEO plugin. -->","yoast_head_json":{"title":"Les Modules Khubeo - Logiciel de business intelligence (BI) Khubeo : logiciel informatique d\u00e9cisionnelle h\u00f4teli\u00e8re","robots":{"index":"index","follow":"follow","max-snippet":"max-snippet:-1","max-image-preview":"max-image-preview:large","max-video-preview":"max-video-preview:-1"},"canonical":"https:\/\/khubeo.fr\/en\/khubeo-modules\/","og_locale":"en_GB","og_type":"article","og_title":"Les Modules Khubeo - Logiciel de business intelligence (BI) Khubeo : logiciel informatique d\u00e9cisionnelle h\u00f4teli\u00e8re","og_description":"Les modules Khubeo D\u00e9couvrir D\u00e9couvrir D\u00e9couvrir","og_url":"https:\/\/khubeo.fr\/en\/khubeo-modules\/","og_site_name":"Logiciel de business intelligence (BI) Khubeo : logiciel informatique d\u00e9cisionnelle h\u00f4teli\u00e8re","article_modified_time":"2025-08-07T11:23:40+00:00","og_image":[{"url":"https:\/\/khubeo.fr\/wp-content\/uploads\/2025\/08\/interfaces_khubeo_sca-1024x474.png","type":"","width":"","height":""}],"twitter_card":"summary_large_image","twitter_misc":{"Estimated reading time":"2 minutes"},"schema":{"@context":"https:\/\/schema.org","@graph":[{"@type":"WebPage","@id":"https:\/\/khubeo.fr\/les-modules-khubeo\/","url":"https:\/\/khubeo.fr\/les-modules-khubeo\/","name":"Les Modules Khubeo - Logiciel de business intelligence (BI) Khubeo : logiciel informatique d\u00e9cisionnelle h\u00f4teli\u00e8re","isPartOf":{"@id":"https:\/\/khubeo.fr\/#website"},"primaryImageOfPage":{"@id":"https:\/\/khubeo.fr\/les-modules-khubeo\/#primaryimage"},"image":{"@id":"https:\/\/khubeo.fr\/les-modules-khubeo\/#primaryimage"},"thumbnailUrl":"https:\/\/khubeo.fr\/wp-content\/uploads\/2025\/08\/interfaces_khubeo_sca-1024x474.png","datePublished":"2025-08-05T08:55:40+00:00","dateModified":"2025-08-07T11:23:40+00:00","breadcrumb":{"@id":"https:\/\/khubeo.fr\/les-modules-khubeo\/#breadcrumb"},"inLanguage":"en-GB","potentialAction":[{"@type":"ReadAction","target":["https:\/\/khubeo.fr\/les-modules-khubeo\/"]}]},{"@type":"ImageObject","inLanguage":"en-GB","@id":"https:\/\/khubeo.fr\/les-modules-khubeo\/#primaryimage","url":"https:\/\/khubeo.fr\/wp-content\/uploads\/2025\/08\/interfaces_khubeo_sca-1024x474.png","contentUrl":"https:\/\/khubeo.fr\/wp-content\/uploads\/2025\/08\/interfaces_khubeo_sca-1024x474.png"},{"@type":"BreadcrumbList","@id":"https:\/\/khubeo.fr\/les-modules-khubeo\/#breadcrumb","itemListElement":[{"@type":"ListItem","position":1,"name":"Accueil","item":"https:\/\/khubeo.fr\/"},{"@type":"ListItem","position":2,"name":"Les Modules Khubeo"}]},{"@type":"WebSite","@id":"https:\/\/khubeo.fr\/#website","url":"https:\/\/khubeo.fr\/","name":"Logiciel de business intelligence (BI) Khubeo : logiciel informatique d\u00e9cisionnelle h\u00f4teli\u00e8re","description":"KHUBEO est un logiciel de business intelligence. Cette solution permet de r\u00e9colter, organiser, analyser les donn\u00e9es de vos clients sous forme d\u2019indicateurs, afin de constituer des tableaux de bord, benchmark ou comptes d\u2019exploitation.","publisher":{"@id":"https:\/\/khubeo.fr\/#organization"},"potentialAction":[{"@type":"SearchAction","target":{"@type":"EntryPoint","urlTemplate":"https:\/\/khubeo.fr\/?s={search_term_string}"},"query-input":{"@type":"PropertyValueSpecification","valueRequired":true,"valueName":"search_term_string"}}],"inLanguage":"en-GB"},{"@type":"Organization","@id":"https:\/\/khubeo.fr\/#organization","name":"Logiciel de business intelligence (BI) Khubeo : logiciel informatique d\u00e9cisionnelle h\u00f4teli\u00e8re","url":"https:\/\/khubeo.fr\/","logo":{"@type":"ImageObject","inLanguage":"en-GB","@id":"https:\/\/khubeo.fr\/#\/schema\/logo\/image\/","url":"https:\/\/khubeo.fr\/wp-content\/uploads\/2025\/08\/cropped-Business-intelligence.png","contentUrl":"https:\/\/khubeo.fr\/wp-content\/uploads\/2025\/08\/cropped-Business-intelligence.png","width":605,"height":299,"caption":"Logiciel de business intelligence (BI) Khubeo : logiciel informatique d\u00e9cisionnelle h\u00f4teli\u00e8re"},"image":{"@id":"https:\/\/khubeo.fr\/#\/schema\/logo\/image\/"}}]}},"jetpack_shortlink":"https:\/\/wp.me\/PgI4ej-3s","_links":{"self":[{"href":"https:\/\/khubeo.fr\/en\/wp-json\/wp\/v2\/pages\/214","targetHints":{"allow":["GET"]}}],"collection":[{"href":"https:\/\/khubeo.fr\/en\/wp-json\/wp\/v2\/pages"}],"about":[{"href":"https:\/\/khubeo.fr\/en\/wp-json\/wp\/v2\/types\/page"}],"author":[{"embeddable":true,"href":"https:\/\/khubeo.fr\/en\/wp-json\/wp\/v2\/users\/259820788"}],"replies":[{"embeddable":true,"href":"https:\/\/khubeo.fr\/en\/wp-json\/wp\/v2\/comments?post=214"}],"version-history":[{"count":13,"href":"https:\/\/khubeo.fr\/en\/wp-json\/wp\/v2\/pages\/214\/revisions"}],"predecessor-version":[{"id":437,"href":"https:\/\/khubeo.fr\/en\/wp-json\/wp\/v2\/pages\/214\/revisions\/437"}],"wp:attachment":[{"href":"https:\/\/khubeo.fr\/en\/wp-json\/wp\/v2\/media?parent=214"}],"curies":[{"name":"wp","href":"https:\/\/api.w.org\/{rel}","templated":true}]}}