{"id":285,"date":"2025-08-05T16:02:12","date_gmt":"2025-08-05T14:02:12","guid":{"rendered":"https:\/\/khubeo.fr\/?page_id=285"},"modified":"2025-08-05T16:03:49","modified_gmt":"2025-08-05T14:03:49","slug":"logiciel-reporting","status":"publish","type":"page","link":"https:\/\/khubeo.fr\/en\/logiciel-reporting\/","title":{"rendered":"Logiciel reporting"},"content":{"rendered":"<div data-elementor-type=\"wp-page\" data-elementor-id=\"285\" class=\"elementor elementor-285\" data-elementor-post-type=\"page\">\n\t\t\t\t\t\t<section class=\"elementor-section elementor-top-section elementor-element elementor-element-5d0a4c03 elementor-reverse-mobile elementor-section-boxed elementor-section-height-default elementor-section-height-default\" data-id=\"5d0a4c03\" data-element_type=\"section\" data-e-type=\"section\" data-settings=\"{&quot;background_background&quot;:&quot;classic&quot;}\">\n\t\t\t\t\t\t<div class=\"elementor-container elementor-column-gap-default\">\n\t\t\t\t\t<div class=\"elementor-column elementor-col-50 elementor-top-column elementor-element elementor-element-4e60694b\" data-id=\"4e60694b\" data-element_type=\"column\" data-e-type=\"column\">\n\t\t\t<div class=\"elementor-widget-wrap elementor-element-populated\">\n\t\t\t\t\t\t<div class=\"elementor-element elementor-element-4dcfc8ba elementor-widget elementor-widget-text-editor\" data-id=\"4dcfc8ba\" data-element_type=\"widget\" data-e-type=\"widget\" data-widget_type=\"text-editor.default\">\n\t\t\t\t\t\t\t\t\t<div class=\"row-bg-wrap\" data-bg-animation=\"none\"><div class=\"row-bg-overlay\"><h2>NOUS CONTACTER<\/h2><p><strong>&#8211;<br \/><b>KHUBEO<\/b><\/strong><br \/>24 CHEMIN DES VERRI\u00c8RES<br \/>69260 CHARBONNI\u00c8RES-LES-BAINS<br \/>contact@khubeo.fr<br \/>T\u00e9l. : +33 (0)4 78 19 83 95<\/p><p><strong>&#8211;<br \/>EXO PARTNERS<\/strong><br \/>contact@exo-partners.com<\/p><\/div><\/div>\t\t\t\t\t\t\t\t<\/div>\n\t\t\t\t<div class=\"elementor-element elementor-element-754ed236 elementor-widget elementor-widget-button\" data-id=\"754ed236\" data-element_type=\"widget\" data-e-type=\"widget\" data-widget_type=\"button.default\">\n\t\t\t\t\t\t\t\t\t\t<a class=\"elementor-button elementor-button-link elementor-size-sm\" href=\"https:\/\/khubeo.fr\/en\/contact-us\/\">\n\t\t\t\t\t\t<span class=\"elementor-button-content-wrapper\">\n\t\t\t\t\t\t\t\t\t<span class=\"elementor-button-text\">Contact us<\/span>\n\t\t\t\t\t<\/span>\n\t\t\t\t\t<\/a>\n\t\t\t\t\t\t\t\t<\/div>\n\t\t\t\t\t<\/div>\n\t\t<\/div>\n\t\t\t\t<div class=\"elementor-column elementor-col-50 elementor-top-column elementor-element elementor-element-1cf589ef\" data-id=\"1cf589ef\" data-element_type=\"column\" data-e-type=\"column\">\n\t\t\t<div class=\"elementor-widget-wrap elementor-element-populated\">\n\t\t\t\t\t\t<div class=\"elementor-element elementor-element-c944904 elementor-widget elementor-widget-heading\" data-id=\"c944904\" data-element_type=\"widget\" data-e-type=\"widget\" data-widget_type=\"heading.default\">\n\t\t\t\t\t<h1 class=\"elementor-heading-title elementor-size-default\">Logiciel de reporting<\/h1>\t\t\t\t<\/div>\n\t\t\t\t<div class=\"elementor-element elementor-element-16e9f297 elementor-widget-divider--view-line elementor-widget elementor-widget-divider\" data-id=\"16e9f297\" data-element_type=\"widget\" data-e-type=\"widget\" data-widget_type=\"divider.default\">\n\t\t\t\t\t\t\t<div class=\"elementor-divider\">\n\t\t\t<span class=\"elementor-divider-separator\">\n\t\t\t\t\t\t<\/span>\n\t\t<\/div>\n\t\t\t\t\t\t<\/div>\n\t\t\t\t<div class=\"elementor-element elementor-element-4813c9f6 elementor-widget elementor-widget-text-editor\" data-id=\"4813c9f6\" data-element_type=\"widget\" data-e-type=\"widget\" data-widget_type=\"text-editor.default\">\n\t\t\t\t\t\t\t\t\t<h2>Qu\u2019est-ce qu\u2019un logiciel de reporting ?<\/h2><p>Les logiciels de reporting, ou logiciels de Business Intelligence (<a href=\"https:\/\/khubeo.fr\/en\/solution\/\">BI<\/a>), sont des programmes informatiques destin\u00e9s \u00e0 retranscrire aux d\u00e9cisionnaires, sous forme simplifi\u00e9e (graphes, tableau de bord), les donn\u00e9es pertinentes de l\u2019entreprise (ventes, flux financiers, chiffres de production) ayant \u00e9t\u00e9 pr\u00e9alablement collect\u00e9es, analys\u00e9es et compar\u00e9es par le logiciel.<\/p><p>En produisant des r\u00e9sultats en temps r\u00e9el dans un format interactif facile d\u2019acc\u00e8s (tableaux dynamiques, graphiques 3D), les <strong>logiciels de reporting<\/strong> permettent aux d\u00e9cisionnaires\/managers\/dirigeants de prendre rapidement les bonnes d\u00e9cisions et d\u2019optimiser efficacement les performances de leur soci\u00e9t\u00e9.<\/p>\t\t\t\t\t\t\t\t<\/div>\n\t\t\t\t<div class=\"elementor-element elementor-element-5ab67534 elementor-widget-divider--view-line elementor-widget elementor-widget-divider\" data-id=\"5ab67534\" data-element_type=\"widget\" data-e-type=\"widget\" data-widget_type=\"divider.default\">\n\t\t\t\t\t\t\t<div class=\"elementor-divider\">\n\t\t\t<span class=\"elementor-divider-separator\">\n\t\t\t\t\t\t<\/span>\n\t\t<\/div>\n\t\t\t\t\t\t<\/div>\n\t\t\t\t<div class=\"elementor-element elementor-element-703cb897 elementor-widget elementor-widget-text-editor\" data-id=\"703cb897\" data-element_type=\"widget\" data-e-type=\"widget\" data-widget_type=\"text-editor.default\">\n\t\t\t\t\t\t\t\t\t<h2><strong>Un logiciel de reporting pour aider les professionnels du tourisme et du secteur h\u00f4telier \u00e0 prendre les bonnes d\u00e9cisions<\/strong><\/h2><p>La<strong> solution logicielle de reporting Khubeo<\/strong> a \u00e9t\u00e9 mise au point pour r\u00e9pondre de mani\u00e8re sp\u00e9cifique aux besoins des m\u00e9tiers de l\u2019h\u00f4tellerie et du tourisme fonctionnant en r\u00e9seau : filiales, cha\u00eenes h\u00f4teli\u00e8res, agences, points de vente, franchis\u00e9s\u2026<\/p><p>Khubeo permet une analyse multidimensionnelle des donn\u00e9es de l\u2019entreprise (analyse de sources internes et externes, Gestion des ventes, ERP, Comptabilit\u00e9, CRM). Ultra performant, il relie les informations pertinentes entre elles et produit des indicateurs cl\u00e9 (KPI) 100% param\u00e9trables.<\/p><p>Avec ce<a href=\"https:\/\/khubeo.fr\/en\/solution\/\"> logiciel de Business Intelligence (BI)<\/a>, les d\u00e9cisionnaires acc\u00e8dent facilement aux informations et aux statistiques cl\u00e9s dont ils ont besoin pour g\u00e9rer correctement leur activit\u00e9 : les donn\u00e9es sont analys\u00e9es en temps r\u00e9el et retranscrites dans un format interactif.<\/p><p>Le logiciel Khubeo propose plusieurs solutions pour piloter une entreprise en r\u00e9seau :<\/p><ul><li>Acc\u00e8s rapide \u00e0 des outils d\u2019analyse de vente et d\u2019analyse du temps pass\u00e9 (par salari\u00e9, par \u00e9quipe, par fonction, par t\u00e2che)<\/li><li>Cr\u00e9ation de benchmarks<\/li><li>Etablissement des comptes d\u2019exploitation<\/li><li>Obtention d\u2019indicateurs de performance 100% param\u00e9trables.<\/li><\/ul><p>Les professionnels sont ainsi en mesure d\u2019am\u00e9liorer les performances globales de leur entreprise. Ils peuvent \u00e9galement adopter une strat\u00e9gie adapt\u00e9e et prendre des d\u00e9cisions avis\u00e9es r\u00e9pondant directement \u00e0 leurs objectifs.<\/p>\t\t\t\t\t\t\t\t<\/div>\n\t\t\t\t<div class=\"elementor-element elementor-element-591fcc54 elementor-widget-divider--view-line elementor-widget elementor-widget-divider\" data-id=\"591fcc54\" data-element_type=\"widget\" data-e-type=\"widget\" data-widget_type=\"divider.default\">\n\t\t\t\t\t\t\t<div class=\"elementor-divider\">\n\t\t\t<span class=\"elementor-divider-separator\">\n\t\t\t\t\t\t<\/span>\n\t\t<\/div>\n\t\t\t\t\t\t<\/div>\n\t\t\t\t<div class=\"elementor-element elementor-element-71733e14 elementor-widget elementor-widget-text-editor\" data-id=\"71733e14\" data-element_type=\"widget\" data-e-type=\"widget\" data-widget_type=\"text-editor.default\">\n\t\t\t\t\t\t\t\t\t<h3><strong>Comment fonctionne notre logiciel de reporting ?<\/strong><\/h3>\n<p>Notre <strong>solution de reporting Khubeo<\/strong> retranscrit en quelques \u00e9tapes les informations les plus pertinentes de l\u2019entreprise :<\/p>\n<ul>\n<li>Int\u00e9gration et synchronisation des donn\u00e9es : le logiciel r\u00e9cup\u00e8re et int\u00e8gre les donn\u00e9es avec un tableau de saisie param\u00e9trable ou un d\u00e9p\u00f4t de fichier \u00e0 fr\u00e9quence d\u00e9termin\u00e9e (\u00e0 choisir selon vos besoins)<\/li>\n<li>Traitement et analyse des donn\u00e9es : <a href=\"https:\/\/khubeo.fr\/en\/analyse-donnees\/\">le logiciel traite, analyse, compare et harmonise l\u2019ensemble des donn\u00e9es r\u00e9cup\u00e9r\u00e9es<\/a><\/li>\n<li>Restitution des donn\u00e9es : le logiciel retranscrit les r\u00e9sultats obtenus dans un format clair et facile d\u2019acc\u00e8s (tableaux dynamiques, graphes 3D). Les informations sont ainsi beaucoup plus faciles \u00e0 appr\u00e9hender par les d\u00e9cisionnaires et managers d\u2019entreprise.<\/li>\n<\/ul>\t\t\t\t\t\t\t\t<\/div>\n\t\t\t\t<div class=\"elementor-element elementor-element-1f9198a0 elementor-widget-divider--view-line elementor-widget elementor-widget-divider\" data-id=\"1f9198a0\" data-element_type=\"widget\" data-e-type=\"widget\" data-widget_type=\"divider.default\">\n\t\t\t\t\t\t\t<div class=\"elementor-divider\">\n\t\t\t<span class=\"elementor-divider-separator\">\n\t\t\t\t\t\t<\/span>\n\t\t<\/div>\n\t\t\t\t\t\t<\/div>\n\t\t\t\t<div class=\"elementor-element elementor-element-287c665b elementor-widget elementor-widget-text-editor\" data-id=\"287c665b\" data-element_type=\"widget\" data-e-type=\"widget\" data-widget_type=\"text-editor.default\">\n\t\t\t\t\t\t\t\t\t<h2><strong>Quels sont les avantages du logiciel de reporting Khubeo?<\/strong><\/h2><p>La <strong>solution logicielle Business Intelligence offre de nombreux avantages aux m\u00e9tiers de l\u2019h\u00f4tellerie et du tourisme<\/strong> fonctionnant en r\u00e9seaux.<\/p><p>Pilotage de l\u2019entreprise en temps r\u00e9el :<\/p><ul><li>Analyse des donn\u00e9es au jour le jour dans une approche multidimensionnelle (sources internes et externes)<\/li><li>Acc\u00e8s au logiciel \u00e0 tout moment 24h\/24 et 7j\/7<\/li><li>Production d\u2019indicateurs cl\u00e9s 100% param\u00e9trables<\/li><li>Logiciel M\u00e9tier sp\u00e9cialement con\u00e7u pour la gestion multi-dossiers<\/li><li>Ventilation des ventes par tous les axes disponibles dans la base de donn\u00e9es (Segment, G\u00e9ographie, Direction, Calendrier).<\/li><\/ul><p>Analyse simplifi\u00e9e :<\/p><ul><li>Logiciel ergonomique, intuitif et facile d\u2019utilisation<\/li><li>Retranscription des r\u00e9sultats sous forme de tableaux dynamiques et graphes 3D am\u00e9liorant la compr\u00e9hension des donn\u00e9es<\/li><li>Projection du r\u00e9el estim\u00e9 sur plusieurs ann\u00e9es.<\/li><\/ul><p>S\u00e9curit\u00e9 renforc\u00e9e et Maintenance :<\/p><ul><li>Protection des donn\u00e9es par notre logiciel d\u00e9velopp\u00e9 et h\u00e9berg\u00e9 sur des serveurs priv\u00e9s en France<\/li><li>Hotline avec t\u00e9l\u00e9maintenance.<\/li><\/ul><p><br \/>Disponibilit\u00e9 sur tous les supports :<\/p><ul><li>Logiciel de reporting accessible sur PC, Mac ou tablette distribu\u00e9 en mode SaaS (requ\u00e9rant une configuration minimum).<\/li><\/ul>\t\t\t\t\t\t\t\t<\/div>\n\t\t\t\t\t<\/div>\n\t\t<\/div>\n\t\t\t\t\t<\/div>\n\t\t<\/section>\n\t\t\t\t<\/div>","protected":false},"excerpt":{"rendered":"<p>NOUS CONTACTER &#8211;KHUBEO24 CHEMIN DES VERRI\u00c8RES69260 CHARBONNI\u00c8RES-LES-BAINScontact@khubeo.frT\u00e9l. : +33 (0)4 78 19 83 95 &#8211;EXO PARTNERScontact@exo-partners.com Contactez-nous Logiciel de reporting Qu\u2019est-ce qu\u2019un logiciel de reporting ? Les logiciels de reporting, ou logiciels de Business Intelligence (BI), sont des programmes informatiques destin\u00e9s \u00e0 retranscrire aux d\u00e9cisionnaires, sous forme simplifi\u00e9e (graphes, tableau de bord), les donn\u00e9es pertinentes [&hellip;]<\/p>\n","protected":false},"author":259820788,"featured_media":0,"parent":0,"menu_order":0,"comment_status":"closed","ping_status":"closed","template":"","meta":{"footnotes":""},"class_list":["post-285","page","type-page","status-publish","hentry"],"yoast_head":"<!-- This site is optimized with the Yoast SEO plugin v27.3 - https:\/\/yoast.com\/product\/yoast-seo-wordpress\/ -->\n<title>Logiciel reporting - Logiciel de business intelligence (BI) Khubeo : logiciel informatique d\u00e9cisionnelle h\u00f4teli\u00e8re<\/title>\n<meta name=\"robots\" content=\"index, follow, max-snippet:-1, max-image-preview:large, max-video-preview:-1\" \/>\n<link rel=\"canonical\" href=\"https:\/\/khubeo.fr\/en\/logiciel-reporting\/\" \/>\n<meta property=\"og:locale\" content=\"en_GB\" \/>\n<meta property=\"og:type\" content=\"article\" \/>\n<meta property=\"og:title\" content=\"Logiciel reporting - Logiciel de business intelligence (BI) Khubeo : logiciel informatique d\u00e9cisionnelle h\u00f4teli\u00e8re\" \/>\n<meta property=\"og:description\" content=\"NOUS CONTACTER &#8211;KHUBEO24 CHEMIN DES VERRI\u00c8RES69260 CHARBONNI\u00c8RES-LES-BAINScontact@khubeo.frT\u00e9l. : +33 (0)4 78 19 83 95 &#8211;EXO PARTNERScontact@exo-partners.com Contactez-nous Logiciel de reporting Qu\u2019est-ce qu\u2019un logiciel de reporting ? Les logiciels de reporting, ou logiciels de Business Intelligence (BI), sont des programmes informatiques destin\u00e9s \u00e0 retranscrire aux d\u00e9cisionnaires, sous forme simplifi\u00e9e (graphes, tableau de bord), les donn\u00e9es pertinentes [&hellip;]\" \/>\n<meta property=\"og:url\" content=\"https:\/\/khubeo.fr\/en\/logiciel-reporting\/\" \/>\n<meta property=\"og:site_name\" content=\"Logiciel de business intelligence (BI) Khubeo : logiciel informatique d\u00e9cisionnelle h\u00f4teli\u00e8re\" \/>\n<meta property=\"article:modified_time\" content=\"2025-08-05T14:03:49+00:00\" \/>\n<meta name=\"twitter:card\" content=\"summary_large_image\" \/>\n<meta name=\"twitter:label1\" content=\"Estimated reading time\" \/>\n\t<meta name=\"twitter:data1\" content=\"4 minutes\" \/>\n<script type=\"application\/ld+json\" class=\"yoast-schema-graph\">{\"@context\":\"https:\\\/\\\/schema.org\",\"@graph\":[{\"@type\":\"WebPage\",\"@id\":\"https:\\\/\\\/khubeo.fr\\\/logiciel-reporting\\\/\",\"url\":\"https:\\\/\\\/khubeo.fr\\\/logiciel-reporting\\\/\",\"name\":\"Logiciel reporting - Logiciel de business intelligence (BI) Khubeo : logiciel informatique d\u00e9cisionnelle h\u00f4teli\u00e8re\",\"isPartOf\":{\"@id\":\"https:\\\/\\\/khubeo.fr\\\/#website\"},\"datePublished\":\"2025-08-05T14:02:12+00:00\",\"dateModified\":\"2025-08-05T14:03:49+00:00\",\"breadcrumb\":{\"@id\":\"https:\\\/\\\/khubeo.fr\\\/logiciel-reporting\\\/#breadcrumb\"},\"inLanguage\":\"en-GB\",\"potentialAction\":[{\"@type\":\"ReadAction\",\"target\":[\"https:\\\/\\\/khubeo.fr\\\/logiciel-reporting\\\/\"]}]},{\"@type\":\"BreadcrumbList\",\"@id\":\"https:\\\/\\\/khubeo.fr\\\/logiciel-reporting\\\/#breadcrumb\",\"itemListElement\":[{\"@type\":\"ListItem\",\"position\":1,\"name\":\"Accueil\",\"item\":\"https:\\\/\\\/khubeo.fr\\\/\"},{\"@type\":\"ListItem\",\"position\":2,\"name\":\"Logiciel reporting\"}]},{\"@type\":\"WebSite\",\"@id\":\"https:\\\/\\\/khubeo.fr\\\/#website\",\"url\":\"https:\\\/\\\/khubeo.fr\\\/\",\"name\":\"Logiciel de business intelligence (BI) Khubeo : logiciel informatique d\u00e9cisionnelle h\u00f4teli\u00e8re\",\"description\":\"KHUBEO est un logiciel de business intelligence. Cette solution permet de r\u00e9colter, organiser, analyser les donn\u00e9es de vos clients sous forme d\u2019indicateurs, afin de constituer des tableaux de bord, benchmark ou comptes d\u2019exploitation.\",\"publisher\":{\"@id\":\"https:\\\/\\\/khubeo.fr\\\/#organization\"},\"potentialAction\":[{\"@type\":\"SearchAction\",\"target\":{\"@type\":\"EntryPoint\",\"urlTemplate\":\"https:\\\/\\\/khubeo.fr\\\/?s={search_term_string}\"},\"query-input\":{\"@type\":\"PropertyValueSpecification\",\"valueRequired\":true,\"valueName\":\"search_term_string\"}}],\"inLanguage\":\"en-GB\"},{\"@type\":\"Organization\",\"@id\":\"https:\\\/\\\/khubeo.fr\\\/#organization\",\"name\":\"Logiciel de business intelligence (BI) Khubeo : logiciel informatique d\u00e9cisionnelle h\u00f4teli\u00e8re\",\"url\":\"https:\\\/\\\/khubeo.fr\\\/\",\"logo\":{\"@type\":\"ImageObject\",\"inLanguage\":\"en-GB\",\"@id\":\"https:\\\/\\\/khubeo.fr\\\/#\\\/schema\\\/logo\\\/image\\\/\",\"url\":\"https:\\\/\\\/khubeo.fr\\\/wp-content\\\/uploads\\\/2025\\\/08\\\/cropped-Business-intelligence.png\",\"contentUrl\":\"https:\\\/\\\/khubeo.fr\\\/wp-content\\\/uploads\\\/2025\\\/08\\\/cropped-Business-intelligence.png\",\"width\":605,\"height\":299,\"caption\":\"Logiciel de business intelligence (BI) Khubeo : logiciel informatique d\u00e9cisionnelle h\u00f4teli\u00e8re\"},\"image\":{\"@id\":\"https:\\\/\\\/khubeo.fr\\\/#\\\/schema\\\/logo\\\/image\\\/\"}}]}<\/script>\n<!-- \/ Yoast SEO plugin. -->","yoast_head_json":{"title":"Logiciel reporting - Logiciel de business intelligence (BI) Khubeo : logiciel informatique d\u00e9cisionnelle h\u00f4teli\u00e8re","robots":{"index":"index","follow":"follow","max-snippet":"max-snippet:-1","max-image-preview":"max-image-preview:large","max-video-preview":"max-video-preview:-1"},"canonical":"https:\/\/khubeo.fr\/en\/logiciel-reporting\/","og_locale":"en_GB","og_type":"article","og_title":"Logiciel reporting - Logiciel de business intelligence (BI) Khubeo : logiciel informatique d\u00e9cisionnelle h\u00f4teli\u00e8re","og_description":"NOUS CONTACTER &#8211;KHUBEO24 CHEMIN DES VERRI\u00c8RES69260 CHARBONNI\u00c8RES-LES-BAINScontact@khubeo.frT\u00e9l. : +33 (0)4 78 19 83 95 &#8211;EXO PARTNERScontact@exo-partners.com Contactez-nous Logiciel de reporting Qu\u2019est-ce qu\u2019un logiciel de reporting ? Les logiciels de reporting, ou logiciels de Business Intelligence (BI), sont des programmes informatiques destin\u00e9s \u00e0 retranscrire aux d\u00e9cisionnaires, sous forme simplifi\u00e9e (graphes, tableau de bord), les donn\u00e9es pertinentes [&hellip;]","og_url":"https:\/\/khubeo.fr\/en\/logiciel-reporting\/","og_site_name":"Logiciel de business intelligence (BI) Khubeo : logiciel informatique d\u00e9cisionnelle h\u00f4teli\u00e8re","article_modified_time":"2025-08-05T14:03:49+00:00","twitter_card":"summary_large_image","twitter_misc":{"Estimated reading time":"4 minutes"},"schema":{"@context":"https:\/\/schema.org","@graph":[{"@type":"WebPage","@id":"https:\/\/khubeo.fr\/logiciel-reporting\/","url":"https:\/\/khubeo.fr\/logiciel-reporting\/","name":"Logiciel reporting - Logiciel de business intelligence (BI) Khubeo : logiciel informatique d\u00e9cisionnelle h\u00f4teli\u00e8re","isPartOf":{"@id":"https:\/\/khubeo.fr\/#website"},"datePublished":"2025-08-05T14:02:12+00:00","dateModified":"2025-08-05T14:03:49+00:00","breadcrumb":{"@id":"https:\/\/khubeo.fr\/logiciel-reporting\/#breadcrumb"},"inLanguage":"en-GB","potentialAction":[{"@type":"ReadAction","target":["https:\/\/khubeo.fr\/logiciel-reporting\/"]}]},{"@type":"BreadcrumbList","@id":"https:\/\/khubeo.fr\/logiciel-reporting\/#breadcrumb","itemListElement":[{"@type":"ListItem","position":1,"name":"Accueil","item":"https:\/\/khubeo.fr\/"},{"@type":"ListItem","position":2,"name":"Logiciel reporting"}]},{"@type":"WebSite","@id":"https:\/\/khubeo.fr\/#website","url":"https:\/\/khubeo.fr\/","name":"Logiciel de business intelligence (BI) Khubeo : logiciel informatique d\u00e9cisionnelle h\u00f4teli\u00e8re","description":"KHUBEO est un logiciel de business intelligence. Cette solution permet de r\u00e9colter, organiser, analyser les donn\u00e9es de vos clients sous forme d\u2019indicateurs, afin de constituer des tableaux de bord, benchmark ou comptes d\u2019exploitation.","publisher":{"@id":"https:\/\/khubeo.fr\/#organization"},"potentialAction":[{"@type":"SearchAction","target":{"@type":"EntryPoint","urlTemplate":"https:\/\/khubeo.fr\/?s={search_term_string}"},"query-input":{"@type":"PropertyValueSpecification","valueRequired":true,"valueName":"search_term_string"}}],"inLanguage":"en-GB"},{"@type":"Organization","@id":"https:\/\/khubeo.fr\/#organization","name":"Logiciel de business intelligence (BI) Khubeo : logiciel informatique d\u00e9cisionnelle h\u00f4teli\u00e8re","url":"https:\/\/khubeo.fr\/","logo":{"@type":"ImageObject","inLanguage":"en-GB","@id":"https:\/\/khubeo.fr\/#\/schema\/logo\/image\/","url":"https:\/\/khubeo.fr\/wp-content\/uploads\/2025\/08\/cropped-Business-intelligence.png","contentUrl":"https:\/\/khubeo.fr\/wp-content\/uploads\/2025\/08\/cropped-Business-intelligence.png","width":605,"height":299,"caption":"Logiciel de business intelligence (BI) Khubeo : logiciel informatique d\u00e9cisionnelle h\u00f4teli\u00e8re"},"image":{"@id":"https:\/\/khubeo.fr\/#\/schema\/logo\/image\/"}}]}},"jetpack_shortlink":"https:\/\/wp.me\/PgI4ej-4B","_links":{"self":[{"href":"https:\/\/khubeo.fr\/en\/wp-json\/wp\/v2\/pages\/285","targetHints":{"allow":["GET"]}}],"collection":[{"href":"https:\/\/khubeo.fr\/en\/wp-json\/wp\/v2\/pages"}],"about":[{"href":"https:\/\/khubeo.fr\/en\/wp-json\/wp\/v2\/types\/page"}],"author":[{"embeddable":true,"href":"https:\/\/khubeo.fr\/en\/wp-json\/wp\/v2\/users\/259820788"}],"replies":[{"embeddable":true,"href":"https:\/\/khubeo.fr\/en\/wp-json\/wp\/v2\/comments?post=285"}],"version-history":[{"count":7,"href":"https:\/\/khubeo.fr\/en\/wp-json\/wp\/v2\/pages\/285\/revisions"}],"predecessor-version":[{"id":294,"href":"https:\/\/khubeo.fr\/en\/wp-json\/wp\/v2\/pages\/285\/revisions\/294"}],"wp:attachment":[{"href":"https:\/\/khubeo.fr\/en\/wp-json\/wp\/v2\/media?parent=285"}],"curies":[{"name":"wp","href":"https:\/\/api.w.org\/{rel}","templated":true}]}}